{"id":148,"date":"2018-07-21T12:23:43","date_gmt":"2018-07-21T12:23:43","guid":{"rendered":"http:\/\/ninetheme.com\/themes\/grandium\/?page_id=148"},"modified":"2021-03-13T11:00:38","modified_gmt":"2021-03-13T11:00:38","slug":"conocenos","status":"publish","type":"page","link":"https:\/\/hotelelancla.net\/madrid\/conocenos\/","title":{"rendered":"QUIENES SOMOS"},"content":{"rendered":"<p>[vc_row][vc_column]<!-- Section About Promo --><div class=\"section  vc_custom_1614786164758\" id=\"about-section\" ><div class=\"widget-about-promo\" data-background=\"https:\/\/hotelelancla.net\/madrid\/wp-content\/uploads\/2021\/01\/recepcion05-1920x1080-1.jpg\"><div class=\"wrapper-inner\"><div class=\"widget-inner\"><div class=\"row\"><div class=\"col-md-6\"><h5>Sobre nosotros<\/h5><h2>Tu comodidad, nuestra prioridad<\/h2>Adem\u00e1s de una reconfortante estancia, ofrecemos excelentes espacios para teletrabajar, estudiar, hacer trabajos grupales (siempre cumpliendo con la normativa actual con respecto al covid-19)<\/p>\n<p>\u00a1Queremos ser tu opci\u00f3n de alojamiento!<a href=\"http:\/\/hotelelancla.net\/madrid\/custom-rooms\/\" target=\"_blank\" class=\"btn\">Reserva tu habitaci\u00f3n con nosotros<\/a><\/div><\/div><\/div><\/div><\/div><\/div><!-- Section About Promo End -->[\/vc_column][\/vc_row][vc_row][vc_column]<!-- Section Video --><div class=\"section  vc_custom_1611227497518\" id=\"Villanueva de la Ca\u00f1ada\"><div class=\"widget-video-full\" data-background=\"https:\/\/hotelelancla.net\/madrid\/wp-content\/uploads\/2020\/11\/pueblo001-14850x810-1.jpg\"><div class=\"wrapper-full-inner\"><!-- Video Title --><div class=\"widget-title\"><h5>Ven a conocernos<\/h5><h2>Video Tour<\/h2><p>Estamos en un entorno sumamente privilegiado, a unos minutos de Madrid y otros centro tur\u00edsticos de primer orden como, por ejemplo, El Escorial. Hay muchas razones para venir a Villanueva de la Ca\u00f1ada: somos un municipio universitario y, si te gustan las actividades al aire libre, aqu\u00ed tienes tu lugar ideal. Pregunta en recepci\u00f3n por nuestro asesoramiento tur\u00edstico, podemos encargarnos de todo.<\/p><\/div>\r\n                <!-- Video Title End -->\r\n                <!-- Video Content --><div class=\"widget-inner\"><a href=\"https:\/\/vimeo.com\/475171403\" class=\"video-play popup-video\"><i class=\"fa fa-play\"><\/i><\/a><\/div><!-- Video Content End -->\r\n           <\/div>\r\n       <\/div>\r\n    <\/div>\r\n    <!-- Section Video End -->[\/vc_column][\/vc_row][vc_row][vc_column]<!-- Section Team --><div class=\"section \" id=\"Staff\"><div class=\"widget-team-carousel\"><div class=\"wrapper-inner\"> <!-- Team Title --><div class=\"widget-title\"><h5>TEAM<\/h5><h2>Nuestro equipo<\/h2><p>Para darte la confianza que buscamos en cada una de nuestras acciones y, aunque tendr\u00e1s la oportunidad de conocernos en persona, queremos presentarte a nuestro equipo.<\/p><\/div><!-- Team Title End --><!-- Team Carousel --><div class=\"widget-carousel owl-carousel owl-theme\"><div class=\"team-item\"><div class=\"item-inner\"><div class=\"item-photo\"><a href=\"http:\/\/ninetheme.com\/blog\/\"target=\"_blank\" data-background=\"https:\/\/hotelelancla.net\/madrid\/wp-content\/uploads\/2021\/02\/WhatsApp-Image-2021-02-25-at-13.02.26.jpeg\"><\/a><\/div><div class=\"item-desc\"><h3>Juan Ignacio Rodr\u00edguez <\/h3><h4>Atenci\u00f3n al cliente - Jefe de operaciones<\/h4><ul><\/ul><\/div><\/div><\/div><div class=\"team-item\"><div class=\"item-inner\"><div class=\"item-photo\"><a href=\"http:\/\/ninetheme.com\/blog\/\"target=\"_blank\" data-background=\"https:\/\/hotelelancla.net\/madrid\/wp-content\/uploads\/2021\/02\/WhatsApp-Image-2021-02-25-at-12.51.26.jpeg\"><\/a><\/div><div class=\"item-desc\"><h3>Chadia El Mokhlik<\/h3><h4>Atenci\u00f3n al cliente - Recepci\u00f3n<\/h4><ul><\/ul><\/div><\/div><\/div><div class=\"team-item\"><div class=\"item-inner\"><div class=\"item-photo\"><a href=\"http:\/\/ninetheme.com\/blog\/\"target=\"_blank\" data-background=\"https:\/\/hotelelancla.net\/madrid\/wp-content\/uploads\/2021\/03\/Captura-de-pantalla-2021-03-03-a-las-18.34.37.png\"><\/a><\/div><div class=\"item-desc\"><h3>Victor Luna<\/h3><h4>Atenci\u00f3n al Cliente - Jefe de recepci\u00f3n<\/h4><ul><\/ul><\/div><\/div><\/div><div class=\"team-item\"><div class=\"item-inner\"><div class=\"item-photo\"><a href=\"http:\/\/ninetheme.com\/blog\/\"target=\"_blank\" data-background=\"https:\/\/hotelelancla.net\/madrid\/wp-content\/uploads\/2021\/02\/IMG_20210128_174652.jpg\"><\/a><\/div><div class=\"item-desc\"><h3>Juan Gonz\u00e1lez <\/h3><h4>Especialista en Marketing Digital <\/h4><ul><\/ul><\/div><\/div><\/div><div class=\"team-item\"><div class=\"item-inner\"><div class=\"item-photo\"><a href=\"http:\/\/ninetheme.com\/blog\/\"target=\"_blank\" data-background=\"https:\/\/hotelelancla.net\/madrid\/wp-content\/uploads\/2021\/03\/WhatsApp-Image-2021-03-03-at-11.49.28.jpeg\"><\/a><\/div><div class=\"item-desc\"><h3>Neo<\/h3><h4>Atenci\u00f3n a la mascota - Guardia de Seguridad<\/h4><ul><\/ul><\/div><\/div><\/div><div class=\"team-item\"><div class=\"item-inner\"><div class=\"item-photo\"><a href=\"http:\/\/elementories.com\/blog\/\" data-background=\"\"><\/a><\/div><div class=\"item-desc\"><h3>Lorena Rementer\u00eda<\/h3><h4>Atenci\u00f3n al cliente - Jefa de operaciones<\/h4><ul><\/ul><\/div><\/div><\/div><\/div>\r\n                <!-- Team Carousel End -->\r\n            <\/div>\r\n        <\/div>\r\n    <\/div>\r\n    <!-- Section Team End -->[\/vc_column][\/vc_row][vc_row][vc_column]<!-- Section Features --><div class=\"section \" id=\"Servicios clave\"><div class=\"widget-features-carousel\"><div class=\"wrapper-inner\"><!-- Features Title --><div class=\"widget-title\"><h5>Servicios clave<\/h5><h2>Explora nuestros servicios<\/h2><\/div><!-- Features Title End --><!-- Features Carousel --><div class=\"widget-carousel owl-carousel owl-theme\"><div class=\"features-item\"><div class=\"item-inner\" data-background=\"https:\/\/hotelelancla.net\/madrid\/wp-content\/uploads\/2021\/01\/1-1.png\"><h5>FREE COVID<\/h5><\/div><\/div><div class=\"features-item\"><div class=\"item-inner\" data-background=\"https:\/\/hotelelancla.net\/madrid\/wp-content\/uploads\/2021\/01\/2-1.png\"><h5>Pet friendly<\/h5><\/div><\/div><div class=\"features-item\"><div class=\"item-inner\" data-background=\"https:\/\/hotelelancla.net\/madrid\/wp-content\/uploads\/2021\/02\/Diseno-sin-titulo-32.png\"><h5>ZONAS COWORKING Y ESTUDIOS<\/h5><\/div><\/div><div class=\"features-item\"><div class=\"item-inner\" data-background=\"https:\/\/hotelelancla.net\/madrid\/wp-content\/uploads\/2021\/01\/3-1.png\"><h5>PARKING<\/h5><\/div><\/div><div class=\"features-item\"><div class=\"item-inner\" data-background=\"https:\/\/hotelelancla.net\/madrid\/wp-content\/uploads\/2021\/01\/Diseno-sin-titulo-30.png\"><h5>Wifi gratuito<\/h5><\/div><\/div><\/div>\r\n                <!-- Features Carousel End -->\r\n            <\/div>\r\n        <\/div>\r\n    <\/div>\r\n    <!-- Section Features End -->[\/vc_column][\/vc_row][vc_row][vc_column][\/vc_column][\/vc_row]<\/p>\n","protected":false},"excerpt":{"rendered":"<p>[vc_row][vc_column][\/vc_column][\/vc_row][vc_row][vc_column][\/vc_column][\/vc_row][vc_row][vc_column][\/vc_column][\/vc_row][vc_row][vc_column][\/vc_column][\/vc_row][vc_row][vc_column][\/vc_column][\/vc_row]<\/p>\n","protected":false},"author":1,"featured_media":1318,"parent":0,"menu_order":0,"comment_status":"closed","ping_status":"closed","template":"fullwidth-page.php","meta":{"_joinchat":[]},"_links":{"self":[{"href":"https:\/\/hotelelancla.net\/madrid\/wp-json\/wp\/v2\/pages\/148"}],"collection":[{"href":"https:\/\/hotelelancla.net\/madrid\/wp-json\/wp\/v2\/pages"}],"about":[{"href":"https:\/\/hotelelancla.net\/madrid\/wp-json\/wp\/v2\/types\/page"}],"author":[{"embeddable":true,"href":"https:\/\/hotelelancla.net\/madrid\/wp-json\/wp\/v2\/users\/1"}],"replies":[{"embeddable":true,"href":"https:\/\/hotelelancla.net\/madrid\/wp-json\/wp\/v2\/comments?post=148"}],"version-history":[{"count":0,"href":"https:\/\/hotelelancla.net\/madrid\/wp-json\/wp\/v2\/pages\/148\/revisions"}],"wp:featuredmedia":[{"embeddable":true,"href":"https:\/\/hotelelancla.net\/madrid\/wp-json\/wp\/v2\/media\/1318"}],"wp:attachment":[{"href":"https:\/\/hotelelancla.net\/madrid\/wp-json\/wp\/v2\/media?parent=148"}],"curies":[{"name":"wp","href":"https:\/\/api.w.org\/{rel}","templated":true}]}}