{"id":3,"date":"2020-11-02T14:08:41","date_gmt":"2020-11-02T14:08:41","guid":{"rendered":"http:\/\/hotelelancla.net\/madrid\/?page_id=3"},"modified":"2026-02-09T09:50:14","modified_gmt":"2026-02-09T09:50:14","slug":"privacy-policy","status":"publish","type":"page","link":"https:\/\/hotelelancla.net\/madrid\/privacy-policy\/","title":{"rendered":"Pol\u00edtica de Privacidad"},"content":{"rendered":"<p>[vc_row][vc_column][vc_column_text]<\/p>\n<p class=\"p1\"><b>POL\u00cdTICA DE PRIVACIDAD DE www.hotelelancla.net<\/b><\/p>\n<p class=\"p2\"><b>Datos del propietario de la web:<\/b><b><\/b><\/p>\n<table cellspacing=\"0\" cellpadding=\"0\">\n<tbody>\n<tr>\n<td valign=\"top\">\n<p class=\"p3\"><span class=\"s1\">RAZ\u00d3N SOCIAL <\/span><\/p>\n<\/td>\n<td valign=\"top\">\n<p class=\"p3\"><span class=\"s1\">DOBLE LOBBY HYR SL<\/span><\/p>\n<\/td>\n<\/tr>\n<tr>\n<td valign=\"top\">\n<p class=\"p3\"><span class=\"s1\">NIF <\/span><\/p>\n<\/td>\n<td valign=\"top\">\n<p class=\"p3\"><span class=\"s1\">B87707832<\/span><\/p>\n<\/td>\n<\/tr>\n<tr>\n<td valign=\"top\">\n<p class=\"p3\"><span class=\"s1\">DOMINIO <\/span><\/p>\n<\/td>\n<td valign=\"top\">\n<p class=\"p3\"><span class=\"s1\">www.hotelelancla.net<\/span><\/p>\n<\/td>\n<\/tr>\n<tr>\n<td valign=\"top\">\n<p class=\"p3\"><span class=\"s1\">DIRECCI\u00d3N POSTAL <\/span><\/p>\n<\/td>\n<td valign=\"top\">\n<p class=\"p3\"><span class=\"s1\">CALLE CAMARGO 7,28691 VILLANUEVA DE LA CA\u00d1ADA(MADRID)<\/span><\/p>\n<\/td>\n<\/tr>\n<tr>\n<td valign=\"top\">\n<p class=\"p3\"><span class=\"s1\">DIRECCI\u00d3N ELECTR\u00d3NICA <\/span><\/p>\n<\/td>\n<td valign=\"top\">\n<p class=\"p3\"><span class=\"s1\">lorena@hotelelancla.net<\/span><\/p>\n<\/td>\n<\/tr>\n<tr>\n<td valign=\"top\">\n<p class=\"p3\"><span class=\"s1\">TEL\u00c9FONOS <\/span><\/p>\n<\/td>\n<td valign=\"top\">\n<p class=\"p3\"><span class=\"s1\">633445395<\/span><\/p>\n<\/td>\n<\/tr>\n<tr>\n<td valign=\"top\">\n<p class=\"p3\"><span class=\"s1\">N\u00ba REGISTRO\/ DATOS<\/span><\/p>\n<p class=\"p3\"><span class=\"s1\">ADICIONALES<\/span><\/p>\n<\/td>\n<td valign=\"top\">\u00a0<\/td>\n<\/tr>\n<\/tbody>\n<\/table>\n<p class=\"p2\"><b>Protecci\u00f3n de datos<\/b><\/p>\n<p class=\"p1\">De conformidad con la normativa vigente y aplicable en protecci\u00f3n de datos de car\u00e1cter personal, le<\/p>\n<p class=\"p1\">informamos que sus datos ser\u00e1n incorporados al sistema de tratamiento titularidad de DOBLE LOBBY<\/p>\n<p class=\"p1\">HYR SL con NIF B87707832 y domicilio social sito en CALLE CAMARGO 7,28691 VILLANUEVA DE LA<\/p>\n<p class=\"p1\">CA\u00d1ADA(MADRID). A continuaci\u00f3n, se facilita la informaci\u00f3n de los tratamientos realizados:<\/p>\n<table cellspacing=\"0\" cellpadding=\"0\">\n<tbody>\n<tr>\n<td colspan=\"2\" valign=\"top\">\n<p class=\"p3\"><span class=\"s1\">TRATAMIENTOS REALIZADOS<\/span><\/p>\n<\/td>\n<\/tr>\n<tr>\n<td valign=\"top\">\n<p class=\"p3\"><span class=\"s1\">Gesti\u00f3n usuarios web<\/span><\/p>\n<\/td>\n<td valign=\"top\">\n<p class=\"p3\"><span class=\"s1\">Finalidad: Captaci\u00f3n, registro y tratamiento de datos del usuario.<\/span><\/p>\n<p class=\"p3\"><span class=\"s1\">Plazo de conservaci\u00f3n: mientras se mantenga el consentimiento prestado,<\/span><\/p>\n<p class=\"p3\"><span class=\"s1\">salvo obligaci\u00f3n legal.<\/span><\/p>\n<p class=\"p3\"><span class=\"s1\">Base leg\u00edtima: El consentimiento del interesado.<\/span><\/p>\n<p class=\"p3\"><span class=\"s1\">Tipolog\u00eda de Datos:<\/span><\/p>\n<p class=\"p3\"><span class=\"s1\">Datos b\u00e1sicos: Nombre y apellidos, Direcci\u00f3n electr\u00f3nica<\/span><\/p>\n<\/td>\n<\/tr>\n<tr>\n<td valign=\"top\">\n<p class=\"p3\"><span class=\"s1\">Acciones comerciales<\/span><\/p>\n<p class=\"p3\"><span class=\"s1\">formulario web<\/span><\/p>\n<\/td>\n<td valign=\"top\">\n<p class=\"p3\"><span class=\"s1\">Finalidad: Captaci\u00f3n, registro y tratamiento de datos con finalidades de atender<\/span><\/p>\n<p class=\"p3\"><span class=\"s1\">sus consultas y\/o solicitudes, as\u00ed como de publicidad y prospecci\u00f3n comercial.<\/span><\/p>\n<p class=\"p3\"><span class=\"s1\">Plazo de conservaci\u00f3n: mientras se mantenga el consentimiento prestado,<\/span><\/p>\n<p class=\"p3\"><span class=\"s1\">salvo obligaci\u00f3n legal.<\/span><\/p>\n<p class=\"p3\"><span class=\"s1\">Base leg\u00edtima: El consentimiento del interesado.<\/span><\/p>\n<p class=\"p3\"><span class=\"s1\">Tipolog\u00eda de Datos:<\/span><\/p>\n<p class=\"p3\"><span class=\"s1\">Datos b\u00e1sicos: Nombre y apellidos, Direcci\u00f3n electr\u00f3nica<\/span><\/p>\n<\/td>\n<\/tr>\n<tr>\n<td valign=\"top\">\n<p class=\"p3\"><span class=\"s1\">Newsletter<\/span><\/p>\n<\/td>\n<td valign=\"top\">\n<p class=\"p3\"><span class=\"s1\">Finalidad: Gesti\u00f3n de la suscripci\u00f3n a la newsletter, para realizar los env\u00edos<\/span><\/p>\n<p class=\"p3\"><span class=\"s1\">correspondientes.<\/span><\/p>\n<p class=\"p3\"><span class=\"s1\">Plazo de conservaci\u00f3n: mientras se mantenga el consentimiento prestado.<\/span><\/p>\n<p class=\"p3\"><span class=\"s1\">Base leg\u00edtima: El consentimiento del interesado.<\/span><\/p>\n<p class=\"p3\"><span class=\"s1\">Tipolog\u00eda de Datos:<\/span><\/p>\n<p class=\"p3\"><span class=\"s1\">Datos b\u00e1sicos: Nombre y apellidos, Direcci\u00f3n electr\u00f3nica<\/span><\/p>\n<\/td>\n<\/tr>\n<tr>\n<td valign=\"top\">\n<p class=\"p3\"><span class=\"s1\">Instalaci\u00f3n de cookies<\/span><\/p>\n<\/td>\n<td valign=\"top\">\n<p class=\"p3\"><span class=\"s1\">Finalidad: Gesti\u00f3n e instalaci\u00f3n de las cookies.<\/span><\/p>\n<p class=\"p3\"><span class=\"s1\">Plazo de conservaci\u00f3n: mientras se mantenga el consentimiento prestado.<\/span><\/p>\n<p class=\"p3\"><span class=\"s1\">Base leg\u00edtima: El consentimiento del interesado.<\/span><\/p>\n<p class=\"p3\"><span class=\"s1\">Tipolog\u00eda de Datos:<\/span><\/p>\n<\/td>\n<\/tr>\n<\/tbody>\n<\/table>\n<p class=\"p1\"><b>Datos b\u00e1sicos:<\/b> Direcci\u00f3n electr\u00f3nica, Direcci\u00f3n IPGesti\u00f3n Formulario<\/p>\n<p class=\"p1\">web<\/p>\n<p class=\"p1\"><b>Finalidad:<\/b> Atender sus consultas y\/o solicitudes.<\/p>\n<p class=\"p1\"><b>Plazo de conservaci\u00f3n:<\/b> mientras se mantenga el consentimiento prestado.<\/p>\n<p class=\"p1\"><b>Base leg\u00edtima:<\/b> El consentimiento del interesado.<\/p>\n<p class=\"p1\"><b>Tipolog\u00eda de Datos:<\/b><\/p>\n<p class=\"p1\"><b>Datos b\u00e1sicos:<\/b> Nombre y apellidos, Direcci\u00f3n electr\u00f3nica, Direcci\u00f3n IP<\/p>\n<p class=\"p5\"><b>Derechos de los interesados<\/b><\/p>\n<p class=\"p1\">DOBLE LOBBY HYR SL informa a los Usuarios que, podr\u00e1 ejercer los derechos de acceso, rectificaci\u00f3n,<\/p>\n<p class=\"p1\">limitaci\u00f3n, supresi\u00f3n, portabilidad, oposici\u00f3n al tratamiento de sus datos de car\u00e1cter personal y el derecho<\/p>\n<p class=\"p1\">a no ser objeto de decisiones automatizadas, incluida la elaboraci\u00f3n de perfiles, ante el Responsable del<\/p>\n<p class=\"p1\">Tratamiento, as\u00ed como a la retirada del consentimiento prestado.<\/p>\n<p class=\"p1\"><b>Derecho de Acceso:<\/b> Es el derecho del usuario a obtener confirmaci\u00f3n sobre si se est\u00e1n<\/p>\n<p class=\"p1\">tratando sus datos y, en tal caso, los concretos datos personales tratados y la informaci\u00f3n legal<\/p>\n<p class=\"p1\">del tratamiento (finalidades, base legitimadora, plazos de conservaci\u00f3n, cesiones, origen de los<\/p>\n<p class=\"p1\">datos, etc.).<\/p>\n<p class=\"p1\"><b>Derecho de Rectificaci\u00f3n:<\/b> Es el derecho del afectado a que se modifiquen los datos que<\/p>\n<p class=\"p1\">resulten ser inexactos o incompletos. En relaci\u00f3n a la p\u00e1gina web, s\u00f3lo podr\u00e1 satisfacerse en<\/p>\n<p class=\"p1\">relaci\u00f3n a aquella informaci\u00f3n que se encuentre bajo el control del sitio web, por ejemplo,<\/p>\n<p class=\"p1\">eliminar comentarios publicados en la propia p\u00e1gina, im\u00e1genes o contenidos web donde consten<\/p>\n<p class=\"p1\">datos de car\u00e1cter personal del usuario.<\/p>\n<p class=\"p1\"><b>Derecho a la Limitaci\u00f3n de tratamiento:<\/b> Es el derecho a que se limiten los fines del tratamiento<\/p>\n<p class=\"p1\">previstos de forma original por el responsable del tratamiento en determinados supuestos.<\/p>\n<p class=\"p1\"><b>Derecho de Supresi\u00f3n:<\/b> Es el derecho a suprimir los datos de car\u00e1cter personal del usuario, a<\/p>\n<p class=\"p1\">excepci\u00f3n de lo previsto en el propio RGPD (libertad de expresi\u00f3n e informaci\u00f3n, obligaciones de<\/p>\n<p class=\"p1\">conservaci\u00f3n, formulaci\u00f3n, ejercicio o defensa de reclamaciones, etc.).<\/p>\n<p class=\"p1\"><b>Derecho a la Portabilidad:<\/b> El derecho a recibir los datos personales que el usuario haya<\/p>\n<p class=\"p1\">facilitado, en un formato estructurado, de uso com\u00fan y lectura mec\u00e1nica, y a transmitirlos a otro<\/p>\n<p class=\"p1\">responsable cuando el tratamiento est\u00e1 basado en el consentimiento o en la ejecuci\u00f3n de un<\/p>\n<p class=\"p1\">contrato y se efect\u00fae por medios automatizados.<\/p>\n<p class=\"p1\"><b>Derecho de Oposici\u00f3n:<\/b> Es el derecho del usuario a que no se lleve a cabo el tratamiento de sus<\/p>\n<p class=\"p1\">datos de car\u00e1cter personal o se cese el tratamiento de los mismos por parte del sitio web cuando<\/p>\n<p class=\"p1\">el tratamiento est\u00e9 basado en el inter\u00e9s leg\u00edtimo o el inter\u00e9s p\u00fablico o cuando se trate de<\/p>\n<p class=\"p1\">tratamientos de mercadotecnia directa.<\/p>\n<p class=\"p1\"><b>Derecho a no ser objeto de decisiones automatizadas, incluida la elaboraci\u00f3n de perfiles:<\/b><\/p>\n<p class=\"p1\">Cuando el tratamiento no es necesario para la celebraci\u00f3n o ejecuci\u00f3n de un contrato, ni est\u00e1<\/p>\n<p class=\"p1\">autorizada por el Derecho de la Uni\u00f3n Europea o de los Estados miembros ni se basa en el<\/p>\n<p class=\"p1\">consentimiento, tiene derecho a no ser objeto de una decisi\u00f3n basada \u00fanicamente en el<\/p>\n<p class=\"p1\">tratamiento automatizado, incluida la elaboraci\u00f3n de perfiles, que produzca efectos jur\u00eddicos o le<\/p>\n<p class=\"p1\">afecte significativamente de modo similar.<\/p>\n<p class=\"p1\"><b>Derecho a retirar el consentimiento:<\/b> Para cualquier tratamiento basado en su consentimiento,<\/p>\n<p class=\"p1\">tiene derecho a retirarlo, en cualquier momento y de manera gratuita.<\/p>\n<p class=\"p1\">Para ejercer cualquiera de los derechos en materia de protecci\u00f3n de datos descritos anteriormente deber\u00e1<\/p>\n<p class=\"p1\">seguir las siguientes indicaciones:Presentaci\u00f3n de un escrito a la direcci\u00f3n CALLE CAMARGO 7,28691 VILLANUEVA DE LA<\/p>\n<p class=\"p1\">CA\u00d1ADA(MADRID) (a la atenci\u00f3n de DOBLE LOBBY HYR SL) o bien a trav\u00e9s de correo<\/p>\n<p class=\"p1\">electr\u00f3nico a por correo electr\u00f3nico a lorena@hotelelancla.net .<\/p>\n<p class=\"p1\">El escrito remitido por el titular de los datos personales (interesado\/a) que solicite el ejercicio de<\/p>\n<p class=\"p1\">derechos deber\u00e1 tener en cuenta lo siguiente:<\/p>\n<p class=\"p1\"><span class=\"s3\">o<\/span> Deber\u00e1 identificarse fehacientemente y, en el caso de que concurran dudas sobre la<\/p>\n<p class=\"p1\">identidad del solicitante, se le solicitar\u00e1 que subsane la petici\u00f3n (p. ej. solicitando m\u00e1s<\/p>\n<p class=\"p1\">informaci\u00f3n, como el n\u00famero de DNI, el documento del DNI, el correo electr\u00f3nico que<\/p>\n<p class=\"p1\">aport\u00f3, etc.)<\/p>\n<p class=\"p1\"><span class=\"s3\">o<\/span> La solicitud puede realizarla el representante, legal o voluntario, cuando \u00e9ste est\u00e9<\/p>\n<p class=\"p1\">debidamente identificado y autorizado por el titular de los datos (mediante una<\/p>\n<p class=\"p1\">autorizaci\u00f3n expresa del titular para ejercer los derechos personal\u00edsimos regulados en la<\/p>\n<p class=\"p1\">normativa en materia de protecci\u00f3n de datos personales).<\/p>\n<p class=\"p1\"><span class=\"s3\">o<\/span> Petici\u00f3n en que se concreta la solicitud (Derecho\/s que se pretende\/n ejercer). Si no<\/p>\n<p class=\"p1\">hace referencia a un tratamiento concreto se le facilitar\u00e1 respuesta en relaci\u00f3n a todos<\/p>\n<p class=\"p1\">los tratamientos que afectan a sus datos de car\u00e1cter personal. Si solicita informaci\u00f3n de<\/p>\n<p class=\"p1\">un tratamiento en concreto, s\u00f3lo la informaci\u00f3n de \u00e9ste. Si lo solicita por tel\u00e9fono se le<\/p>\n<p class=\"p1\">indicar\u00e1 que lo haga por escrito y se le informar\u00e1 de c\u00f3mo lo puede hacer y la direcci\u00f3n<\/p>\n<p class=\"p1\">a la que tiene que enviarlo. Nunca se le dar\u00e1 informaci\u00f3n por tel\u00e9fono.<\/p>\n<p class=\"p1\"><span class=\"s3\">o<\/span> Direcci\u00f3n postal o electr\u00f3nica a efectos de notificaciones.<\/p>\n<p class=\"p1\"><span class=\"s3\">o<\/span> Documentos acreditativos de la petici\u00f3n que formula, en caso de que sean necesarios.<\/p>\n<p class=\"p1\"><span class=\"s3\">o<\/span> La persona solicitante debe utilizar cualquier medio que permita acreditar el env\u00edo y la<\/p>\n<p class=\"p1\">recepci\u00f3n de la solicitud.<\/p>\n<p class=\"p1\">Por \u00faltimo, le informamos que tiene derecho a presentar una reclamaci\u00f3n ante la Agencia Espa\u00f1ola de<\/p>\n<p class=\"p1\">Protecci\u00f3n de Datos en caso de que tenga conocimiento o considere que un hecho pueda suponer un<\/p>\n<p class=\"p1\">incumplimiento de la normativa aplicable en materia de protecci\u00f3n de datos.<\/p>\n<p class=\"p1\">DOBLE LOBBY HYR SL se compromete a adoptar las medidas t\u00e9cnicas y organizativas necesarias,<\/p>\n<p class=\"p1\">acorde al nivel de riesgos que acompa\u00f1an los tratamientos realizados por \u00e9stas e indicados en este<\/p>\n<p class=\"p1\">mismo apartado, de forma que garanticen su integridad, confidencialidad y disponibilidad.<\/p>\n<p class=\"p1\"><b>\u00daltima actualizaci\u00f3n:<\/b> 15 de enero de 2026<\/p>\n<p>[\/vc_column_text][\/vc_column][\/vc_row]<\/p>\n","protected":false},"excerpt":{"rendered":"<p>[vc_row][vc_column][vc_column_text] POL\u00cdTICA DE PRIVACIDAD DE www.hotelelancla.net Datos del propietario de la web: RAZ\u00d3N SOCIAL DOBLE LOBBY HYR SL NIF B87707832 DOMINIO www.hotelelancla.net DIRECCI\u00d3N POSTAL CALLE CAMARGO 7,28691&#8230;<\/p>\n","protected":false},"author":1,"featured_media":0,"parent":0,"menu_order":1,"comment_status":"closed","ping_status":"closed","template":"","meta":{"_joinchat":[]},"_links":{"self":[{"href":"https:\/\/hotelelancla.net\/madrid\/wp-json\/wp\/v2\/pages\/3"}],"collection":[{"href":"https:\/\/hotelelancla.net\/madrid\/wp-json\/wp\/v2\/pages"}],"about":[{"href":"https:\/\/hotelelancla.net\/madrid\/wp-json\/wp\/v2\/types\/page"}],"author":[{"embeddable":true,"href":"https:\/\/hotelelancla.net\/madrid\/wp-json\/wp\/v2\/users\/1"}],"replies":[{"embeddable":true,"href":"https:\/\/hotelelancla.net\/madrid\/wp-json\/wp\/v2\/comments?post=3"}],"version-history":[{"count":8,"href":"https:\/\/hotelelancla.net\/madrid\/wp-json\/wp\/v2\/pages\/3\/revisions"}],"predecessor-version":[{"id":1528,"href":"https:\/\/hotelelancla.net\/madrid\/wp-json\/wp\/v2\/pages\/3\/revisions\/1528"}],"wp:attachment":[{"href":"https:\/\/hotelelancla.net\/madrid\/wp-json\/wp\/v2\/media?parent=3"}],"curies":[{"name":"wp","href":"https:\/\/api.w.org\/{rel}","templated":true}]}}