{"id":339,"date":"2020-08-11T14:17:28","date_gmt":"2020-08-11T14:17:28","guid":{"rendered":"http:\/\/ninetheme.com\/themes\/grandium\/?page_id=339"},"modified":"2025-08-30T10:43:00","modified_gmt":"2025-08-30T10:43:00","slug":"contacto-grupos","status":"publish","type":"page","link":"https:\/\/hotelelancla.net\/madrid\/contacto-grupos\/","title":{"rendered":"Reservas"},"content":{"rendered":"<p>[vc_row grandium_select_container=\u00bbtopandbottom\u00bb el_class=\u00bbwidget-booking-form\u00bb css=\u00bb.vc_custom_1470928483820{padding-top: 100px !important;padding-bottom: 100px !important;}\u00bb][vc_column width=\u00bb2\/3&#8243; el_class=\u00bbbooking-form\u00bb][vc_column_text]\u00bfBuscas comodidad y buen precio para tu grupo en Madrid? En el Hotel el Ancla, en Villanueva de la Ca\u00f1ada, encontrar\u00e1s habitaciones dobles, triples y hasta cu\u00e1druples acogedoras. Todas con Wifi, aire acondicionado, TV y ba\u00f1o privado.<br \/>\nPara grupos grandes o eventos contamos con tarifas especiales, contacta con nosotros para obtener una propuesta personalizada y ventajas exclusivas para reservas de m\u00e1s de 10 habitaciones.<\/p>\n<blockquote>\n<p>Si necesitas alojar amigos y familiares para tu boda adem\u00e1s te ofrecemos un espacio para que las invitadas puedan ser maquilladas y peinadas en nuestras instalaciones. Cons\u00faltanos la posibilidad de contar con profesionales de peluquer\u00eda y maquillaje.<\/p>\n<\/blockquote>\n<p>[\/vc_column_text][\/vc_column][vc_column width=\u00bb1\/3&#8243;][vc_column_text css=\u00bb.vc_custom_1616059292180{margin-left: 40px !important;padding-top: 40px !important;padding-right: 40px !important;padding-bottom: 40px !important;padding-left: 40px !important;background-color: #ffffff !important;}\u00bb]<\/p>\n<h2>Contacto Online<\/h2>\n<p>Si necesita cualquier tipo de duda o aclaraci\u00f3n no dudes en ponerte en contacto con nosotros a trav\u00e9s de nuestro email (info@hotelelancla.net) o nuestro tel\u00e9fono (+34 918 157 343)[\/vc_column_text][\/vc_column][vc_column][vc_empty_space height=\u00bb50px\u00bb][vc_row_inner][vc_column_inner css=\u00bb.vc_custom_1756545558234{background-image: url(https:\/\/hotelelancla.net\/madrid\/wp-content\/uploads\/2021\/01\/recepcion05-1920&#215;1080-1.jpg?id=1096) !important;}\u00bb]<!-- Section Contact --><div class=\"section \" ><div class=\"wrapper-inner\"><div class=\"row\"><div class=\"col-lg-6\"><!-- Contact Info --><div class=\"widget-contact-info\"><ul><\/ul><\/div><!-- Contact Info End --><\/div> <div class=\"col-lg-6\"><!-- Contact Form --><div class=\"widget-contact-form\"><h5>Petici\u00f3n para grupo<\/h5><p>Si necesitas alojar a 15 o m\u00e1s personas este es el sitio<\/p><div class=\"data-form\"><div role=\"form\" class=\"wpcf7\" id=\"wpcf7-f338-o1\" lang=\"en-US\" dir=\"ltr\">\n<div class=\"screen-reader-response\"><p role=\"status\" aria-live=\"polite\" aria-atomic=\"true\"><\/p> <ul><\/ul><\/div>\n<form action=\"\/madrid\/wp-json\/wp\/v2\/pages\/339#wpcf7-f338-o1\" method=\"post\" class=\"wpcf7-form init\" novalidate=\"novalidate\" data-status=\"init\">\n<div style=\"display: none;\">\n<input type=\"hidden\" name=\"_wpcf7\" value=\"338\" \/>\n<input type=\"hidden\" name=\"_wpcf7_version\" value=\"5.4.1\" \/>\n<input type=\"hidden\" name=\"_wpcf7_locale\" value=\"en_US\" \/>\n<input type=\"hidden\" name=\"_wpcf7_unit_tag\" value=\"wpcf7-f338-o1\" \/>\n<input type=\"hidden\" name=\"_wpcf7_container_post\" value=\"0\" \/>\n<input type=\"hidden\" name=\"_wpcf7_posted_data_hash\" value=\"\" \/>\n<\/div>\n<div class=\"class=\"booking-form\"\">\n<p>Responderemos a tu consulta en breve<\/p>\n<div class=\"data-form\">\n<p>\t\t\t<input type=\"hidden\" name=\"form-room\" value=\"Royal Single Room\"><\/p>\n<div class=\"row\">\n<div class=\"col-md-6\">\n\t\t\t\t<span class=\"wpcf7-form-control-wrap date-170\"><input type=\"date\" name=\"date-170\" value=\"\" class=\"wpcf7-form-control wpcf7-date wpcf7-validates-as-required wpcf7-validates-as-date datepicker hasDatepicker\" id=\"form-checkin\" aria-required=\"true\" aria-invalid=\"false\" placeholder=\"Fecha de entrada\" \/><\/span>\n\t\t\t\t<\/div>\n<div class=\"col-md-6\">\n\t\t\t\t<span class=\"wpcf7-form-control-wrap date-171\"><input type=\"date\" name=\"date-171\" value=\"\" class=\"wpcf7-form-control wpcf7-date wpcf7-validates-as-required wpcf7-validates-as-date datepicker hasDatepicker\" id=\"form-checkout\" aria-required=\"true\" aria-invalid=\"false\" placeholder=\"Fecha de salida\" \/><\/span>\n\t\t\t\t<\/div>\n<div class=\"col-md-6\">\n\t\t\t\t\t<i class=\"fa fa-caret-down\"><\/i><br \/>\n\t\t\t\t\t<span class=\"wpcf7-form-control-wrap menu-377\"><select name=\"menu-377\" class=\"wpcf7-form-control wpcf7-select wpcf7-validates-as-required form-adults\" id=\"form-adults\" aria-required=\"true\" aria-invalid=\"false\"><option value=\"n\u00ba de Adultos\">n\u00ba de Adultos<\/option><option value=\"15\">15<\/option><option value=\"20\">20<\/option><option value=\"25\">25<\/option><option value=\"+30\">+30<\/option><\/select><\/span>\n\t\t\t\t<\/div>\n<div class=\"col-md-6\">\n\t\t\t\t\t<i class=\"fa fa-caret-down\"><\/i><br \/>\n\t\t\t\t\t<span class=\"wpcf7-form-control-wrap menu-378\"><select name=\"menu-378\" class=\"wpcf7-form-control wpcf7-select wpcf7-validates-as-required form-adults\" id=\"form-childrens\" aria-required=\"true\" aria-invalid=\"false\"><option value=\"n\u00ba de Ni\u00f1os\">n\u00ba de Ni\u00f1os<\/option><option value=\"1\">1<\/option><option value=\"2\">2<\/option><option value=\"3\">3<\/option><option value=\"+4\">+4<\/option><\/select><\/span>\n\t\t\t\t<\/div>\n<div class=\"col-md-6\">\n\t\t\t\t\t<i class=\"fa fa-caret-down\"><\/i><br \/>\n\t\t\t\t\t<span class=\"wpcf7-form-control-wrap menu-379\"><select name=\"menu-379\" class=\"wpcf7-form-control wpcf7-select wpcf7-validates-as-required form-adults\" id=\"form-adults\" aria-required=\"true\" aria-invalid=\"false\"><option value=\"Tipo de pensi\u00f3n\">Tipo de pensi\u00f3n<\/option><option value=\"Solo alojamiento\">Solo alojamiento<\/option><option value=\"Alojamiento + Desayuno\">Alojamiento + Desayuno<\/option><\/select><\/span>\n<\/div>\n<div class=\"col-md-6\">\n\t\t\t\t\t<span class=\"wpcf7-form-control-wrap text-201\"><input type=\"text\" name=\"text-201\" value=\"\" size=\"40\" class=\"wpcf7-form-control wpcf7-text\" aria-invalid=\"false\" placeholder=\"Tipo de Evento\" \/><\/span>\n\t\t\t\t<\/div>\n<div class=\"col-md-6\">\n\t\t\t\t\t<span class=\"wpcf7-form-control-wrap text-202\"><input type=\"text\" name=\"text-202\" value=\"\" size=\"40\" class=\"wpcf7-form-control wpcf7-text wpcf7-validates-as-required\" aria-required=\"true\" aria-invalid=\"false\" placeholder=\"Nombre*\" \/><\/span>\n\t\t\t\t<\/div>\n<div class=\"col-md-6\">\n\t\t\t\t\t<span class=\"wpcf7-form-control-wrap text-203\"><input type=\"text\" name=\"text-203\" value=\"\" size=\"40\" class=\"wpcf7-form-control wpcf7-text wpcf7-validates-as-required\" aria-required=\"true\" aria-invalid=\"false\" placeholder=\"Apellidos*\" \/><\/span>\n\t\t\t\t<\/div>\n<div class=\"col-md-6\">\n\t\t\t\t\t<span class=\"wpcf7-form-control-wrap text-204\"><input type=\"text\" name=\"text-204\" value=\"\" size=\"40\" class=\"wpcf7-form-control wpcf7-text wpcf7-validates-as-required\" aria-required=\"true\" aria-invalid=\"false\" placeholder=\"Email*\" \/><\/span>\n\t\t\t\t<\/div>\n<div class=\"col-md-6\">\n\t\t\t\t\t<span class=\"wpcf7-form-control-wrap text-205\"><input type=\"text\" name=\"text-205\" value=\"\" size=\"40\" class=\"wpcf7-form-control wpcf7-text wpcf7-validates-as-required\" aria-required=\"true\" aria-invalid=\"false\" placeholder=\"Tel\u00e9fono*\" \/><\/span>\n\t\t\t\t<\/div>\n<div class=\"col-md-12\">\n\t\t\t\t<span class=\"wpcf7-form-control-wrap textarea-348\"><textarea name=\"textarea-348\" cols=\"40\" rows=\"10\" class=\"wpcf7-form-control wpcf7-textarea\" aria-invalid=\"false\" placeholder=\"OTROS\/SUGERENCIAS\"><\/textarea><\/span>\n\t\t\t\t<\/div>\n<div class=\"col-md-6\">\n\t\t\t\t<input type=\"submit\" value=\"Enviar informaci\u00f3n\" class=\"wpcf7-form-control wpcf7-submit btn\" \/>\n\t\t\t\t<\/div>\n<\/div>\n<\/div>\n<\/div>\n<div class=\"wpcf7-response-output\" aria-hidden=\"true\"><\/div><\/form><\/div><\/div><\/div> <!-- Contact Form End --> <\/div><\/div><\/div><\/div><!-- Section Contact End -->[\/vc_column_inner][\/vc_row_inner][\/vc_column][\/vc_row]<\/p>\n","protected":false},"excerpt":{"rendered":"<p>[vc_row grandium_select_container=\u00bbtopandbottom\u00bb el_class=\u00bbwidget-booking-form\u00bb css=\u00bb.vc_custom_1470928483820{padding-top: 100px !important;padding-bottom: 100px !important;}\u00bb][vc_column width=\u00bb2\/3&#8243; el_class=\u00bbbooking-form\u00bb][vc_column_text]\u00bfBuscas comodidad y buen precio para tu grupo en Madrid? En el Hotel el Ancla, en Villanueva de&#8230;<\/p>\n","protected":false},"author":1,"featured_media":0,"parent":0,"menu_order":0,"comment_status":"closed","ping_status":"closed","template":"fullwidth-page.php","meta":{"_joinchat":[]},"_links":{"self":[{"href":"https:\/\/hotelelancla.net\/madrid\/wp-json\/wp\/v2\/pages\/339"}],"collection":[{"href":"https:\/\/hotelelancla.net\/madrid\/wp-json\/wp\/v2\/pages"}],"about":[{"href":"https:\/\/hotelelancla.net\/madrid\/wp-json\/wp\/v2\/types\/page"}],"author":[{"embeddable":true,"href":"https:\/\/hotelelancla.net\/madrid\/wp-json\/wp\/v2\/users\/1"}],"replies":[{"embeddable":true,"href":"https:\/\/hotelelancla.net\/madrid\/wp-json\/wp\/v2\/comments?post=339"}],"version-history":[{"count":8,"href":"https:\/\/hotelelancla.net\/madrid\/wp-json\/wp\/v2\/pages\/339\/revisions"}],"predecessor-version":[{"id":1512,"href":"https:\/\/hotelelancla.net\/madrid\/wp-json\/wp\/v2\/pages\/339\/revisions\/1512"}],"wp:attachment":[{"href":"https:\/\/hotelelancla.net\/madrid\/wp-json\/wp\/v2\/media?parent=339"}],"curies":[{"name":"wp","href":"https:\/\/api.w.org\/{rel}","templated":true}]}}